{"id":1383,"date":"2020-12-24T15:18:43","date_gmt":"2020-12-24T14:18:43","guid":{"rendered":"https:\/\/beoternummorocco.com\/liste-de-souhaits\/"},"modified":"2025-05-07T16:32:07","modified_gmt":"2025-05-07T15:32:07","slug":"liste-de-souhaits","status":"publish","type":"page","link":"https:\/\/beoternummorocco.com\/ar\/liste-de-souhaits\/","title":{"rendered":"Liste de souhaits"},"content":{"rendered":"<p>[yith_wcwl_wishlist]<\/p>\n","protected":false},"excerpt":{"rendered":"","protected":false},"author":1,"featured_media":0,"parent":0,"menu_order":0,"comment_status":"closed","ping_status":"closed","template":"","meta":{"footnotes":""},"yoast_head":"<!-- This site is optimized with the Yoast SEO plugin v22.3 - https:\/\/yoast.com\/wordpress\/plugins\/seo\/ -->\n<title>Liste de souhaits Beoternum&#8211; Cosm\u00e9tiques naturels et bio<\/title>\n<meta name=\"description\" content=\"D\u00e9couvrez votre liste de souhaits BEOTERNUM : cosm\u00e9tiques naturels et \u00e9coresponsables pour prendre soin de votre peau et cheveux. ajoutez vos produits favoris d\u00e9s maintenant\" \/>\n<meta name=\"robots\" content=\"index, follow, max-snippet:-1, max-image-preview:large, max-video-preview:-1\" \/>\n<link rel=\"canonical\" href=\"https:\/\/beoternummorocco.com\/ar\/liste-de-souhaits\/\" \/>\n<meta property=\"og:locale\" content=\"ar_AR\" \/>\n<meta property=\"og:type\" content=\"article\" \/>\n<meta property=\"og:title\" content=\"Liste de souhaits Beoternum&#8211; Cosm\u00e9tiques naturels et bio\" \/>\n<meta property=\"og:description\" content=\"D\u00e9couvrez votre liste de souhaits BEOTERNUM : cosm\u00e9tiques naturels et \u00e9coresponsables pour prendre soin de votre peau et cheveux. ajoutez vos produits favoris d\u00e9s maintenant\" \/>\n<meta property=\"og:url\" content=\"https:\/\/beoternummorocco.com\/ar\/liste-de-souhaits\/\" \/>\n<meta property=\"og:site_name\" content=\"BeoTernum Boutique de Produits cosm\u00e9tiques bio naturels Rabat Maroc\" \/>\n<meta property=\"article:publisher\" content=\"https:\/\/www.facebook.com\/Beoternum-morocco-1587485334684692\/\" \/>\n<meta property=\"article:modified_time\" content=\"2025-05-07T15:32:07+00:00\" \/>\n<meta name=\"twitter:card\" content=\"summary_large_image\" \/>\n<meta name=\"twitter:label1\" content=\"Est. reading time\" \/>\n\t<meta name=\"twitter:data1\" content=\"1 minute\" \/>\n<script type=\"application\/ld+json\" class=\"yoast-schema-graph\">{\"@context\":\"https:\/\/schema.org\",\"@graph\":[{\"@type\":\"WebPage\",\"@id\":\"https:\/\/beoternummorocco.com\/ar\/liste-de-souhaits\/\",\"url\":\"https:\/\/beoternummorocco.com\/ar\/liste-de-souhaits\/\",\"name\":\"Liste de souhaits Beoternum&#8211; Cosm\u00e9tiques naturels et bio\",\"isPartOf\":{\"@id\":\"https:\/\/beoternummorocco.com\/#website\"},\"datePublished\":\"2020-12-24T14:18:43+00:00\",\"dateModified\":\"2025-05-07T15:32:07+00:00\",\"description\":\"D\u00e9couvrez votre liste de souhaits BEOTERNUM : cosm\u00e9tiques naturels et \u00e9coresponsables pour prendre soin de votre peau et cheveux. ajoutez vos produits favoris d\u00e9s maintenant\",\"inLanguage\":\"ar\",\"potentialAction\":[{\"@type\":\"ReadAction\",\"target\":[\"https:\/\/beoternummorocco.com\/ar\/liste-de-souhaits\/\"]}]},{\"@type\":\"WebSite\",\"@id\":\"https:\/\/beoternummorocco.com\/#website\",\"url\":\"https:\/\/beoternummorocco.com\/\",\"name\":\"BeoTernum Boutique de Produits cosm\u00e9tiques bio naturels Rabat Maroc\",\"description\":\"\",\"publisher\":{\"@id\":\"https:\/\/beoternummorocco.com\/#organization\"},\"potentialAction\":[{\"@type\":\"SearchAction\",\"target\":{\"@type\":\"EntryPoint\",\"urlTemplate\":\"https:\/\/beoternummorocco.com\/?s={search_term_string}\"},\"query-input\":\"required name=search_term_string\"}],\"inLanguage\":\"ar\"},{\"@type\":\"Organization\",\"@id\":\"https:\/\/beoternummorocco.com\/#organization\",\"name\":\"BeoTernum Boutique de Produits cosm\u00e9tiques bio naturels Rabat Maroc\",\"url\":\"https:\/\/beoternummorocco.com\/\",\"logo\":{\"@type\":\"ImageObject\",\"inLanguage\":\"ar\",\"@id\":\"https:\/\/beoternummorocco.com\/#\/schema\/logo\/image\/\",\"url\":\"https:\/\/beoternummorocco.com\/wp-content\/uploads\/2020\/12\/logo-b.png\",\"contentUrl\":\"https:\/\/beoternummorocco.com\/wp-content\/uploads\/2020\/12\/logo-b.png\",\"width\":558,\"height\":820,\"caption\":\"BeoTernum Boutique de Produits cosm\u00e9tiques bio naturels Rabat Maroc\"},\"image\":{\"@id\":\"https:\/\/beoternummorocco.com\/#\/schema\/logo\/image\/\"},\"sameAs\":[\"https:\/\/www.facebook.com\/Beoternum-morocco-1587485334684692\/\"]}]}<\/script>\n<!-- \/ Yoast SEO plugin. -->","yoast_head_json":{"title":"Liste de souhaits Beoternum&#8211; Cosm\u00e9tiques naturels et bio","description":"D\u00e9couvrez votre liste de souhaits BEOTERNUM : cosm\u00e9tiques naturels et \u00e9coresponsables pour prendre soin de votre peau et cheveux. ajoutez vos produits favoris d\u00e9s maintenant","robots":{"index":"index","follow":"follow","max-snippet":"max-snippet:-1","max-image-preview":"max-image-preview:large","max-video-preview":"max-video-preview:-1"},"canonical":"https:\/\/beoternummorocco.com\/ar\/liste-de-souhaits\/","og_locale":"ar_AR","og_type":"article","og_title":"Liste de souhaits Beoternum&#8211; Cosm\u00e9tiques naturels et bio","og_description":"D\u00e9couvrez votre liste de souhaits BEOTERNUM : cosm\u00e9tiques naturels et \u00e9coresponsables pour prendre soin de votre peau et cheveux. ajoutez vos produits favoris d\u00e9s maintenant","og_url":"https:\/\/beoternummorocco.com\/ar\/liste-de-souhaits\/","og_site_name":"BeoTernum Boutique de Produits cosm\u00e9tiques bio naturels Rabat Maroc","article_publisher":"https:\/\/www.facebook.com\/Beoternum-morocco-1587485334684692\/","article_modified_time":"2025-05-07T15:32:07+00:00","twitter_card":"summary_large_image","twitter_misc":{"Est. reading time":"1 minute"},"schema":{"@context":"https:\/\/schema.org","@graph":[{"@type":"WebPage","@id":"https:\/\/beoternummorocco.com\/ar\/liste-de-souhaits\/","url":"https:\/\/beoternummorocco.com\/ar\/liste-de-souhaits\/","name":"Liste de souhaits Beoternum&#8211; Cosm\u00e9tiques naturels et bio","isPartOf":{"@id":"https:\/\/beoternummorocco.com\/#website"},"datePublished":"2020-12-24T14:18:43+00:00","dateModified":"2025-05-07T15:32:07+00:00","description":"D\u00e9couvrez votre liste de souhaits BEOTERNUM : cosm\u00e9tiques naturels et \u00e9coresponsables pour prendre soin de votre peau et cheveux. ajoutez vos produits favoris d\u00e9s maintenant","inLanguage":"ar","potentialAction":[{"@type":"ReadAction","target":["https:\/\/beoternummorocco.com\/ar\/liste-de-souhaits\/"]}]},{"@type":"WebSite","@id":"https:\/\/beoternummorocco.com\/#website","url":"https:\/\/beoternummorocco.com\/","name":"BeoTernum Boutique de Produits cosm\u00e9tiques bio naturels Rabat Maroc","description":"","publisher":{"@id":"https:\/\/beoternummorocco.com\/#organization"},"potentialAction":[{"@type":"SearchAction","target":{"@type":"EntryPoint","urlTemplate":"https:\/\/beoternummorocco.com\/?s={search_term_string}"},"query-input":"required name=search_term_string"}],"inLanguage":"ar"},{"@type":"Organization","@id":"https:\/\/beoternummorocco.com\/#organization","name":"BeoTernum Boutique de Produits cosm\u00e9tiques bio naturels Rabat Maroc","url":"https:\/\/beoternummorocco.com\/","logo":{"@type":"ImageObject","inLanguage":"ar","@id":"https:\/\/beoternummorocco.com\/#\/schema\/logo\/image\/","url":"https:\/\/beoternummorocco.com\/wp-content\/uploads\/2020\/12\/logo-b.png","contentUrl":"https:\/\/beoternummorocco.com\/wp-content\/uploads\/2020\/12\/logo-b.png","width":558,"height":820,"caption":"BeoTernum Boutique de Produits cosm\u00e9tiques bio naturels Rabat Maroc"},"image":{"@id":"https:\/\/beoternummorocco.com\/#\/schema\/logo\/image\/"},"sameAs":["https:\/\/www.facebook.com\/Beoternum-morocco-1587485334684692\/"]}]}},"_links":{"self":[{"href":"https:\/\/beoternummorocco.com\/ar\/wp-json\/wp\/v2\/pages\/1383"}],"collection":[{"href":"https:\/\/beoternummorocco.com\/ar\/wp-json\/wp\/v2\/pages"}],"about":[{"href":"https:\/\/beoternummorocco.com\/ar\/wp-json\/wp\/v2\/types\/page"}],"author":[{"embeddable":true,"href":"https:\/\/beoternummorocco.com\/ar\/wp-json\/wp\/v2\/users\/1"}],"replies":[{"embeddable":true,"href":"https:\/\/beoternummorocco.com\/ar\/wp-json\/wp\/v2\/comments?post=1383"}],"version-history":[{"count":3,"href":"https:\/\/beoternummorocco.com\/ar\/wp-json\/wp\/v2\/pages\/1383\/revisions"}],"predecessor-version":[{"id":5892,"href":"https:\/\/beoternummorocco.com\/ar\/wp-json\/wp\/v2\/pages\/1383\/revisions\/5892"}],"wp:attachment":[{"href":"https:\/\/beoternummorocco.com\/ar\/wp-json\/wp\/v2\/media?parent=1383"}],"curies":[{"name":"wp","href":"https:\/\/api.w.org\/{rel}","templated":true}]}}