{"id":5907,"date":"2024-05-17T12:09:02","date_gmt":"2024-05-17T11:09:02","guid":{"rendered":"https:\/\/beoternummorocco.com\/?post_type=product&#038;p=5907"},"modified":"2025-05-12T10:18:08","modified_gmt":"2025-05-12T09:18:08","slug":"oud-huile-de-massage-relaxante","status":"publish","type":"product","link":"https:\/\/beoternummorocco.com\/ar\/produit\/oud-huile-de-massage-relaxante\/","title":{"rendered":"OUD HUILE DE MASSAGE RELAXANTE"},"content":{"rendered":"","protected":false},"excerpt":{"rendered":"<p>D\u00e9couvrez l&#8217;\u00e9l\u00e9gance et raffinement avec notre huile de massage parfum\u00e9e au oud con\u00e7ue pour offrir une exp\u00e9rience sensorielle unique, cette huile allie les bienfaits de la relaxation profonde \u00e0 l&#8217;arome envoutant du bois de oud, connu pour ces propri\u00e9t\u00e9s apaisantes et mystiques.<\/p>\n","protected":false},"featured_media":5911,"comment_status":"open","ping_status":"closed","template":"","meta":[],"product_cat":[24,52],"product_tag":[],"yoast_head":"<!-- This site is optimized with the Yoast SEO plugin v22.3 - https:\/\/yoast.com\/wordpress\/plugins\/seo\/ -->\n<title>OUD HUILE DE MASSAGE RELAXANTE &#8211; BeoTernum Boutique de Produits cosm\u00e9tiques bio naturels Rabat Maroc<\/title>\n<meta name=\"robots\" content=\"index, follow, max-snippet:-1, max-image-preview:large, max-video-preview:-1\" \/>\n<link rel=\"canonical\" href=\"https:\/\/beoternummorocco.com\/ar\/produit\/oud-huile-de-massage-relaxante\/\" \/>\n<meta property=\"og:locale\" content=\"ar_AR\" \/>\n<meta property=\"og:type\" content=\"article\" \/>\n<meta property=\"og:title\" content=\"OUD HUILE DE MASSAGE RELAXANTE &#8211; BeoTernum Boutique de Produits cosm\u00e9tiques bio naturels Rabat Maroc\" \/>\n<meta property=\"og:description\" content=\"D\u00e9couvrez l&#039;\u00e9l\u00e9gance et raffinement avec notre huile de massage parfum\u00e9e au oud con\u00e7ue pour offrir une exp\u00e9rience sensorielle unique, cette huile allie les bienfaits de la relaxation profonde \u00e0 l&#039;arome envoutant du bois de oud, connu pour ces propri\u00e9t\u00e9s apaisantes et mystiques.\" \/>\n<meta property=\"og:url\" content=\"https:\/\/beoternummorocco.com\/ar\/produit\/oud-huile-de-massage-relaxante\/\" \/>\n<meta property=\"og:site_name\" content=\"BeoTernum Boutique de Produits cosm\u00e9tiques bio naturels Rabat Maroc\" \/>\n<meta property=\"article:publisher\" content=\"https:\/\/www.facebook.com\/Beoternum-morocco-1587485334684692\/\" \/>\n<meta property=\"article:modified_time\" content=\"2025-05-12T09:18:08+00:00\" \/>\n<meta property=\"og:image\" content=\"https:\/\/beoternummorocco.com\/wp-content\/uploads\/2024\/05\/Gold-And-White-Illustration-Its-Time-For-Giveaway-Instagram-Post-5.png\" \/>\n\t<meta property=\"og:image:width\" content=\"1080\" \/>\n\t<meta property=\"og:image:height\" content=\"1080\" \/>\n\t<meta property=\"og:image:type\" content=\"image\/png\" \/>\n<meta name=\"twitter:card\" content=\"summary_large_image\" \/>\n<meta name=\"twitter:label1\" content=\"Est. reading time\" \/>\n\t<meta name=\"twitter:data1\" content=\"1 minute\" \/>\n<script type=\"application\/ld+json\" class=\"yoast-schema-graph\">{\"@context\":\"https:\/\/schema.org\",\"@graph\":[{\"@type\":\"WebPage\",\"@id\":\"https:\/\/beoternummorocco.com\/ar\/produit\/oud-huile-de-massage-relaxante\/\",\"url\":\"https:\/\/beoternummorocco.com\/ar\/produit\/oud-huile-de-massage-relaxante\/\",\"name\":\"OUD HUILE DE MASSAGE RELAXANTE &#8211; BeoTernum Boutique de Produits cosm\u00e9tiques bio naturels Rabat Maroc\",\"isPartOf\":{\"@id\":\"https:\/\/beoternummorocco.com\/#website\"},\"primaryImageOfPage\":{\"@id\":\"https:\/\/beoternummorocco.com\/ar\/produit\/oud-huile-de-massage-relaxante\/#primaryimage\"},\"image\":{\"@id\":\"https:\/\/beoternummorocco.com\/ar\/produit\/oud-huile-de-massage-relaxante\/#primaryimage\"},\"thumbnailUrl\":\"https:\/\/beoternummorocco.com\/wp-content\/uploads\/2024\/05\/Gold-And-White-Illustration-Its-Time-For-Giveaway-Instagram-Post-5.png\",\"datePublished\":\"2024-05-17T11:09:02+00:00\",\"dateModified\":\"2025-05-12T09:18:08+00:00\",\"breadcrumb\":{\"@id\":\"https:\/\/beoternummorocco.com\/ar\/produit\/oud-huile-de-massage-relaxante\/#breadcrumb\"},\"inLanguage\":\"ar\",\"potentialAction\":[{\"@type\":\"ReadAction\",\"target\":[\"https:\/\/beoternummorocco.com\/ar\/produit\/oud-huile-de-massage-relaxante\/\"]}]},{\"@type\":\"ImageObject\",\"inLanguage\":\"ar\",\"@id\":\"https:\/\/beoternummorocco.com\/ar\/produit\/oud-huile-de-massage-relaxante\/#primaryimage\",\"url\":\"https:\/\/beoternummorocco.com\/wp-content\/uploads\/2024\/05\/Gold-And-White-Illustration-Its-Time-For-Giveaway-Instagram-Post-5.png\",\"contentUrl\":\"https:\/\/beoternummorocco.com\/wp-content\/uploads\/2024\/05\/Gold-And-White-Illustration-Its-Time-For-Giveaway-Instagram-Post-5.png\",\"width\":1080,\"height\":1080},{\"@type\":\"BreadcrumbList\",\"@id\":\"https:\/\/beoternummorocco.com\/ar\/produit\/oud-huile-de-massage-relaxante\/#breadcrumb\",\"itemListElement\":[{\"@type\":\"ListItem\",\"position\":1,\"name\":\"Boutique\",\"item\":\"https:\/\/beoternummorocco.com\/boutique\/\"},{\"@type\":\"ListItem\",\"position\":2,\"name\":\"OUD HUILE DE MASSAGE RELAXANTE\"}]},{\"@type\":\"WebSite\",\"@id\":\"https:\/\/beoternummorocco.com\/#website\",\"url\":\"https:\/\/beoternummorocco.com\/\",\"name\":\"BeoTernum Boutique de Produits cosm\u00e9tiques bio naturels Rabat Maroc\",\"description\":\"\",\"publisher\":{\"@id\":\"https:\/\/beoternummorocco.com\/#organization\"},\"potentialAction\":[{\"@type\":\"SearchAction\",\"target\":{\"@type\":\"EntryPoint\",\"urlTemplate\":\"https:\/\/beoternummorocco.com\/?s={search_term_string}\"},\"query-input\":\"required name=search_term_string\"}],\"inLanguage\":\"ar\"},{\"@type\":\"Organization\",\"@id\":\"https:\/\/beoternummorocco.com\/#organization\",\"name\":\"BeoTernum Boutique de Produits cosm\u00e9tiques bio naturels Rabat Maroc\",\"url\":\"https:\/\/beoternummorocco.com\/\",\"logo\":{\"@type\":\"ImageObject\",\"inLanguage\":\"ar\",\"@id\":\"https:\/\/beoternummorocco.com\/#\/schema\/logo\/image\/\",\"url\":\"https:\/\/beoternummorocco.com\/wp-content\/uploads\/2020\/12\/logo-b.png\",\"contentUrl\":\"https:\/\/beoternummorocco.com\/wp-content\/uploads\/2020\/12\/logo-b.png\",\"width\":558,\"height\":820,\"caption\":\"BeoTernum Boutique de Produits cosm\u00e9tiques bio naturels Rabat Maroc\"},\"image\":{\"@id\":\"https:\/\/beoternummorocco.com\/#\/schema\/logo\/image\/\"},\"sameAs\":[\"https:\/\/www.facebook.com\/Beoternum-morocco-1587485334684692\/\"]}]}<\/script>\n<!-- \/ Yoast SEO plugin. -->","yoast_head_json":{"title":"OUD HUILE DE MASSAGE RELAXANTE &#8211; BeoTernum Boutique de Produits cosm\u00e9tiques bio naturels Rabat Maroc","robots":{"index":"index","follow":"follow","max-snippet":"max-snippet:-1","max-image-preview":"max-image-preview:large","max-video-preview":"max-video-preview:-1"},"canonical":"https:\/\/beoternummorocco.com\/ar\/produit\/oud-huile-de-massage-relaxante\/","og_locale":"ar_AR","og_type":"article","og_title":"OUD HUILE DE MASSAGE RELAXANTE &#8211; BeoTernum Boutique de Produits cosm\u00e9tiques bio naturels Rabat Maroc","og_description":"D\u00e9couvrez l'\u00e9l\u00e9gance et raffinement avec notre huile de massage parfum\u00e9e au oud con\u00e7ue pour offrir une exp\u00e9rience sensorielle unique, cette huile allie les bienfaits de la relaxation profonde \u00e0 l'arome envoutant du bois de oud, connu pour ces propri\u00e9t\u00e9s apaisantes et mystiques.","og_url":"https:\/\/beoternummorocco.com\/ar\/produit\/oud-huile-de-massage-relaxante\/","og_site_name":"BeoTernum Boutique de Produits cosm\u00e9tiques bio naturels Rabat Maroc","article_publisher":"https:\/\/www.facebook.com\/Beoternum-morocco-1587485334684692\/","article_modified_time":"2025-05-12T09:18:08+00:00","og_image":[{"width":1080,"height":1080,"url":"https:\/\/beoternummorocco.com\/wp-content\/uploads\/2024\/05\/Gold-And-White-Illustration-Its-Time-For-Giveaway-Instagram-Post-5.png","type":"image\/png"}],"twitter_card":"summary_large_image","twitter_misc":{"Est. reading time":"1 minute"},"schema":{"@context":"https:\/\/schema.org","@graph":[{"@type":"WebPage","@id":"https:\/\/beoternummorocco.com\/ar\/produit\/oud-huile-de-massage-relaxante\/","url":"https:\/\/beoternummorocco.com\/ar\/produit\/oud-huile-de-massage-relaxante\/","name":"OUD HUILE DE MASSAGE RELAXANTE &#8211; BeoTernum Boutique de Produits cosm\u00e9tiques bio naturels Rabat Maroc","isPartOf":{"@id":"https:\/\/beoternummorocco.com\/#website"},"primaryImageOfPage":{"@id":"https:\/\/beoternummorocco.com\/ar\/produit\/oud-huile-de-massage-relaxante\/#primaryimage"},"image":{"@id":"https:\/\/beoternummorocco.com\/ar\/produit\/oud-huile-de-massage-relaxante\/#primaryimage"},"thumbnailUrl":"https:\/\/beoternummorocco.com\/wp-content\/uploads\/2024\/05\/Gold-And-White-Illustration-Its-Time-For-Giveaway-Instagram-Post-5.png","datePublished":"2024-05-17T11:09:02+00:00","dateModified":"2025-05-12T09:18:08+00:00","breadcrumb":{"@id":"https:\/\/beoternummorocco.com\/ar\/produit\/oud-huile-de-massage-relaxante\/#breadcrumb"},"inLanguage":"ar","potentialAction":[{"@type":"ReadAction","target":["https:\/\/beoternummorocco.com\/ar\/produit\/oud-huile-de-massage-relaxante\/"]}]},{"@type":"ImageObject","inLanguage":"ar","@id":"https:\/\/beoternummorocco.com\/ar\/produit\/oud-huile-de-massage-relaxante\/#primaryimage","url":"https:\/\/beoternummorocco.com\/wp-content\/uploads\/2024\/05\/Gold-And-White-Illustration-Its-Time-For-Giveaway-Instagram-Post-5.png","contentUrl":"https:\/\/beoternummorocco.com\/wp-content\/uploads\/2024\/05\/Gold-And-White-Illustration-Its-Time-For-Giveaway-Instagram-Post-5.png","width":1080,"height":1080},{"@type":"BreadcrumbList","@id":"https:\/\/beoternummorocco.com\/ar\/produit\/oud-huile-de-massage-relaxante\/#breadcrumb","itemListElement":[{"@type":"ListItem","position":1,"name":"Boutique","item":"https:\/\/beoternummorocco.com\/boutique\/"},{"@type":"ListItem","position":2,"name":"OUD HUILE DE MASSAGE RELAXANTE"}]},{"@type":"WebSite","@id":"https:\/\/beoternummorocco.com\/#website","url":"https:\/\/beoternummorocco.com\/","name":"BeoTernum Boutique de Produits cosm\u00e9tiques bio naturels Rabat Maroc","description":"","publisher":{"@id":"https:\/\/beoternummorocco.com\/#organization"},"potentialAction":[{"@type":"SearchAction","target":{"@type":"EntryPoint","urlTemplate":"https:\/\/beoternummorocco.com\/?s={search_term_string}"},"query-input":"required name=search_term_string"}],"inLanguage":"ar"},{"@type":"Organization","@id":"https:\/\/beoternummorocco.com\/#organization","name":"BeoTernum Boutique de Produits cosm\u00e9tiques bio naturels Rabat Maroc","url":"https:\/\/beoternummorocco.com\/","logo":{"@type":"ImageObject","inLanguage":"ar","@id":"https:\/\/beoternummorocco.com\/#\/schema\/logo\/image\/","url":"https:\/\/beoternummorocco.com\/wp-content\/uploads\/2020\/12\/logo-b.png","contentUrl":"https:\/\/beoternummorocco.com\/wp-content\/uploads\/2020\/12\/logo-b.png","width":558,"height":820,"caption":"BeoTernum Boutique de Produits cosm\u00e9tiques bio naturels Rabat Maroc"},"image":{"@id":"https:\/\/beoternummorocco.com\/#\/schema\/logo\/image\/"},"sameAs":["https:\/\/www.facebook.com\/Beoternum-morocco-1587485334684692\/"]}]}},"_links":{"self":[{"href":"https:\/\/beoternummorocco.com\/ar\/wp-json\/wp\/v2\/product\/5907"}],"collection":[{"href":"https:\/\/beoternummorocco.com\/ar\/wp-json\/wp\/v2\/product"}],"about":[{"href":"https:\/\/beoternummorocco.com\/ar\/wp-json\/wp\/v2\/types\/product"}],"replies":[{"embeddable":true,"href":"https:\/\/beoternummorocco.com\/ar\/wp-json\/wp\/v2\/comments?post=5907"}],"wp:featuredmedia":[{"embeddable":true,"href":"https:\/\/beoternummorocco.com\/ar\/wp-json\/wp\/v2\/media\/5911"}],"wp:attachment":[{"href":"https:\/\/beoternummorocco.com\/ar\/wp-json\/wp\/v2\/media?parent=5907"}],"wp:term":[{"taxonomy":"product_cat","embeddable":true,"href":"https:\/\/beoternummorocco.com\/ar\/wp-json\/wp\/v2\/product_cat?post=5907"},{"taxonomy":"product_tag","embeddable":true,"href":"https:\/\/beoternummorocco.com\/ar\/wp-json\/wp\/v2\/product_tag?post=5907"}],"curies":[{"name":"wp","href":"https:\/\/api.w.org\/{rel}","templated":true}]}}