{"id":1368,"date":"2021-01-05T13:49:11","date_gmt":"2021-01-05T12:49:11","guid":{"rendered":"https:\/\/beoternummorocco.com\/paiement-securise\/"},"modified":"2021-01-15T14:02:34","modified_gmt":"2021-01-15T13:02:34","slug":"secure-payment","status":"publish","type":"page","link":"https:\/\/beoternummorocco.com\/en\/secure-payment\/","title":{"rendered":"Secure payment"},"content":{"rendered":"\t\t<div data-elementor-type=\"wp-page\" data-elementor-id=\"1368\" class=\"elementor elementor-1368 elementor-1117\" data-elementor-post-type=\"page\">\n\t\t\t\t\t\t<section class=\"elementor-section elementor-top-section elementor-element elementor-element-57af775c elementor-section-stretched elementor-section-boxed elementor-section-height-default elementor-section-height-default\" data-id=\"57af775c\" data-element_type=\"section\" data-settings=\"{&quot;stretch_section&quot;:&quot;section-stretched&quot;}\">\n\t\t\t\t\t\t<div class=\"elementor-container elementor-column-gap-default\">\n\t\t\t\t\t<div class=\"elementor-column elementor-col-100 elementor-top-column elementor-element elementor-element-473a7d75\" data-id=\"473a7d75\" data-element_type=\"column\">\n\t\t\t<div class=\"elementor-widget-wrap elementor-element-populated\">\n\t\t\t\t\t\t<div class=\"elementor-element elementor-element-277ef01c elementor-widget elementor-widget-woocommerce-breadcrumb\" data-id=\"277ef01c\" data-element_type=\"widget\" data-widget_type=\"woocommerce-breadcrumb.default\">\n\t\t\t\t<div class=\"elementor-widget-container\">\n\t\t\t<nav class=\"woocommerce-breadcrumb\" aria-label=\"Breadcrumb\">Home<\/nav>\t\t<\/div>\n\t\t\t\t<\/div>\n\t\t\t\t\t<\/div>\n\t\t<\/div>\n\t\t\t\t\t<\/div>\n\t\t<\/section>\n\t\t\t\t<section class=\"elementor-section elementor-top-section elementor-element elementor-element-4a8c5db elementor-section-boxed elementor-section-height-default elementor-section-height-default\" data-id=\"4a8c5db\" data-element_type=\"section\">\n\t\t\t\t\t\t<div class=\"elementor-container elementor-column-gap-default\">\n\t\t\t\t\t<div class=\"elementor-column elementor-col-100 elementor-top-column elementor-element elementor-element-27e0a94\" data-id=\"27e0a94\" data-element_type=\"column\">\n\t\t\t<div class=\"elementor-widget-wrap elementor-element-populated\">\n\t\t\t\t\t\t<div class=\"elementor-element elementor-element-d3f167c elementor-widget elementor-widget-heading\" data-id=\"d3f167c\" data-element_type=\"widget\" data-widget_type=\"heading.default\">\n\t\t\t\t<div class=\"elementor-widget-container\">\n\t\t\t<h2 class=\"elementor-heading-title elementor-size-default\">Secure payment<\/h2>\t\t<\/div>\n\t\t\t\t<\/div>\n\t\t\t\t<div class=\"elementor-element elementor-element-8f1200d elementor-widget-divider--view-line elementor-widget elementor-widget-divider\" data-id=\"8f1200d\" data-element_type=\"widget\" data-widget_type=\"divider.default\">\n\t\t\t\t<div class=\"elementor-widget-container\">\n\t\t\t\t\t<div class=\"elementor-divider\">\n\t\t\t<span class=\"elementor-divider-separator\">\n\t\t\t\t\t\t<\/span>\n\t\t<\/div>\n\t\t\t\t<\/div>\n\t\t\t\t<\/div>\n\t\t\t\t<div class=\"elementor-element elementor-element-11b4bf9 elementor-widget elementor-widget-text-editor\" data-id=\"11b4bf9\" data-element_type=\"widget\" data-widget_type=\"text-editor.default\">\n\t\t\t\t<div class=\"elementor-widget-container\">\n\t\t\t\t\t\t\t<p><strong>BEOTERNUM MOROCCO<\/strong> facilitates your online purchase in complete security and provides you with several payment methods.<\/p><p>You can therefore choose the payment method that suits you:<\/p><p>Payment by credit card<br \/>Payment by bank transfer<br \/>Cash on delivery On RABAT, TEMARA, SALE.<\/p><p>Payment by credit card:<\/p><p>A simple and fast way, with Moroccan or foreign bank card.<\/p><p><strong>BEOTERNUM MOROCCO<\/strong> guarantees you a fully secure electronic payment, thanks to its partnership with Maroc T\u00e9l\u00e9commerce (the operator of Electronic Commerce in Morocco) and the Center Mon\u00e9tique Interbancaire (CMI), Your personal data (identity, card number, etc.) are fully encrypted and used only during the transaction between Maroc T\u00e9l\u00e9commerce and the CMI.<\/p><p><strong>BEOTERNUM MOROCCO<\/strong> therefore does not keep any bank card number.<\/p><p>The online payment managed by Maroc T\u00e9l\u00e9commerce is based on technologies and concepts recognized by e-commerce experts around the world, it is also governed by national and international laws and regulations.<\/p><p>The payment system is certified by CMI, VISA, MasterCard and all Moroccan banks.<\/p><p>Payment by bank transfer:<\/p><p>This method of payment requires a transfer from your bank or any bank to the <strong>BEOTERNUM MOROCCO<\/strong> bank account.<\/p><p>Once your order has been placed, we will send you the following information to make your transfer:<\/p><p>RIB:<\/p><p>Holder : <strong>BEOTERNUM MOROCCO<\/strong><\/p><p>As this method of payment requires more processing time than that by credit card, and so that we can send your order to you as soon as possible, you will need to send us your scanned transfer receipt.<\/p><p>Cash on delivery:<\/p><p><strong>BEOTERNUM MOROCCO<\/strong> offers you the possibility of paying on delivery in Rabat, T\u00e9mara, Sal\u00e9.<\/p><p>After validation of your order, with confirmation of the place, date and time of delivery which will be made from Monday to Friday from 10 a.m. to 7:30 p.m.<\/p>\t\t\t\t\t\t<\/div>\n\t\t\t\t<\/div>\n\t\t\t\t\t<\/div>\n\t\t<\/div>\n\t\t\t\t\t<\/div>\n\t\t<\/section>\n\t\t\t\t<\/div>\n\t\t","protected":false},"excerpt":{"rendered":"<p>Secure payment BEOTERNUM MOROCCO facilitates your online purchase in complete security and provides you with several payment methods. You can therefore choose the payment method that suits you: Payment by credit cardPayment by bank transferCash on delivery On RABAT, TEMARA, SALE. Payment by credit card: A simple and fast way, with Moroccan or foreign bank [&hellip;]<\/p>\n","protected":false},"author":1,"featured_media":0,"parent":0,"menu_order":0,"comment_status":"closed","ping_status":"closed","template":"","meta":{"footnotes":""},"yoast_head":"<!-- This site is optimized with the Yoast SEO plugin v22.3 - https:\/\/yoast.com\/wordpress\/plugins\/seo\/ -->\n<title>Secure payment &#8211; BeoTernum Boutique de Produits cosm\u00e9tiques bio naturels Rabat Maroc<\/title>\n<meta name=\"robots\" content=\"index, follow, max-snippet:-1, max-image-preview:large, max-video-preview:-1\" \/>\n<link rel=\"canonical\" href=\"https:\/\/beoternummorocco.com\/en\/secure-payment\/\" \/>\n<meta property=\"og:locale\" content=\"en_US\" \/>\n<meta property=\"og:type\" content=\"article\" \/>\n<meta property=\"og:title\" content=\"Secure payment &#8211; BeoTernum Boutique de Produits cosm\u00e9tiques bio naturels Rabat Maroc\" \/>\n<meta property=\"og:description\" content=\"Secure payment BEOTERNUM MOROCCO facilitates your online purchase in complete security and provides you with several payment methods. You can therefore choose the payment method that suits you: Payment by credit cardPayment by bank transferCash on delivery On RABAT, TEMARA, SALE. Payment by credit card: A simple and fast way, with Moroccan or foreign bank [&hellip;]\" \/>\n<meta property=\"og:url\" content=\"https:\/\/beoternummorocco.com\/en\/secure-payment\/\" \/>\n<meta property=\"og:site_name\" content=\"BeoTernum Boutique de Produits cosm\u00e9tiques bio naturels Rabat Maroc\" \/>\n<meta property=\"article:publisher\" content=\"https:\/\/www.facebook.com\/Beoternum-morocco-1587485334684692\/\" \/>\n<meta property=\"article:modified_time\" content=\"2021-01-15T13:02:34+00:00\" \/>\n<meta name=\"twitter:card\" content=\"summary_large_image\" \/>\n<meta name=\"twitter:label1\" content=\"Est. reading time\" \/>\n\t<meta name=\"twitter:data1\" content=\"1 minute\" \/>\n<script type=\"application\/ld+json\" class=\"yoast-schema-graph\">{\"@context\":\"https:\/\/schema.org\",\"@graph\":[{\"@type\":\"WebPage\",\"@id\":\"https:\/\/beoternummorocco.com\/en\/secure-payment\/\",\"url\":\"https:\/\/beoternummorocco.com\/en\/secure-payment\/\",\"name\":\"Secure payment &#8211; BeoTernum Boutique de Produits cosm\u00e9tiques bio naturels Rabat Maroc\",\"isPartOf\":{\"@id\":\"https:\/\/beoternummorocco.com\/#website\"},\"datePublished\":\"2021-01-05T12:49:11+00:00\",\"dateModified\":\"2021-01-15T13:02:34+00:00\",\"inLanguage\":\"en-US\",\"potentialAction\":[{\"@type\":\"ReadAction\",\"target\":[\"https:\/\/beoternummorocco.com\/en\/secure-payment\/\"]}]},{\"@type\":\"WebSite\",\"@id\":\"https:\/\/beoternummorocco.com\/#website\",\"url\":\"https:\/\/beoternummorocco.com\/\",\"name\":\"BeoTernum Boutique de Produits cosm\u00e9tiques bio naturels Rabat Maroc\",\"description\":\"\",\"publisher\":{\"@id\":\"https:\/\/beoternummorocco.com\/#organization\"},\"potentialAction\":[{\"@type\":\"SearchAction\",\"target\":{\"@type\":\"EntryPoint\",\"urlTemplate\":\"https:\/\/beoternummorocco.com\/?s={search_term_string}\"},\"query-input\":\"required name=search_term_string\"}],\"inLanguage\":\"en-US\"},{\"@type\":\"Organization\",\"@id\":\"https:\/\/beoternummorocco.com\/#organization\",\"name\":\"BeoTernum Boutique de Produits cosm\u00e9tiques bio naturels Rabat Maroc\",\"url\":\"https:\/\/beoternummorocco.com\/\",\"logo\":{\"@type\":\"ImageObject\",\"inLanguage\":\"en-US\",\"@id\":\"https:\/\/beoternummorocco.com\/#\/schema\/logo\/image\/\",\"url\":\"https:\/\/beoternummorocco.com\/wp-content\/uploads\/2020\/12\/logo-b.png\",\"contentUrl\":\"https:\/\/beoternummorocco.com\/wp-content\/uploads\/2020\/12\/logo-b.png\",\"width\":558,\"height\":820,\"caption\":\"BeoTernum Boutique de Produits cosm\u00e9tiques bio naturels Rabat Maroc\"},\"image\":{\"@id\":\"https:\/\/beoternummorocco.com\/#\/schema\/logo\/image\/\"},\"sameAs\":[\"https:\/\/www.facebook.com\/Beoternum-morocco-1587485334684692\/\"]}]}<\/script>\n<!-- \/ Yoast SEO plugin. -->","yoast_head_json":{"title":"Secure payment &#8211; BeoTernum Boutique de Produits cosm\u00e9tiques bio naturels Rabat Maroc","robots":{"index":"index","follow":"follow","max-snippet":"max-snippet:-1","max-image-preview":"max-image-preview:large","max-video-preview":"max-video-preview:-1"},"canonical":"https:\/\/beoternummorocco.com\/en\/secure-payment\/","og_locale":"en_US","og_type":"article","og_title":"Secure payment &#8211; BeoTernum Boutique de Produits cosm\u00e9tiques bio naturels Rabat Maroc","og_description":"Secure payment BEOTERNUM MOROCCO facilitates your online purchase in complete security and provides you with several payment methods. You can therefore choose the payment method that suits you: Payment by credit cardPayment by bank transferCash on delivery On RABAT, TEMARA, SALE. Payment by credit card: A simple and fast way, with Moroccan or foreign bank [&hellip;]","og_url":"https:\/\/beoternummorocco.com\/en\/secure-payment\/","og_site_name":"BeoTernum Boutique de Produits cosm\u00e9tiques bio naturels Rabat Maroc","article_publisher":"https:\/\/www.facebook.com\/Beoternum-morocco-1587485334684692\/","article_modified_time":"2021-01-15T13:02:34+00:00","twitter_card":"summary_large_image","twitter_misc":{"Est. reading time":"1 minute"},"schema":{"@context":"https:\/\/schema.org","@graph":[{"@type":"WebPage","@id":"https:\/\/beoternummorocco.com\/en\/secure-payment\/","url":"https:\/\/beoternummorocco.com\/en\/secure-payment\/","name":"Secure payment &#8211; BeoTernum Boutique de Produits cosm\u00e9tiques bio naturels Rabat Maroc","isPartOf":{"@id":"https:\/\/beoternummorocco.com\/#website"},"datePublished":"2021-01-05T12:49:11+00:00","dateModified":"2021-01-15T13:02:34+00:00","inLanguage":"en-US","potentialAction":[{"@type":"ReadAction","target":["https:\/\/beoternummorocco.com\/en\/secure-payment\/"]}]},{"@type":"WebSite","@id":"https:\/\/beoternummorocco.com\/#website","url":"https:\/\/beoternummorocco.com\/","name":"BeoTernum Boutique de Produits cosm\u00e9tiques bio naturels Rabat Maroc","description":"","publisher":{"@id":"https:\/\/beoternummorocco.com\/#organization"},"potentialAction":[{"@type":"SearchAction","target":{"@type":"EntryPoint","urlTemplate":"https:\/\/beoternummorocco.com\/?s={search_term_string}"},"query-input":"required name=search_term_string"}],"inLanguage":"en-US"},{"@type":"Organization","@id":"https:\/\/beoternummorocco.com\/#organization","name":"BeoTernum Boutique de Produits cosm\u00e9tiques bio naturels Rabat Maroc","url":"https:\/\/beoternummorocco.com\/","logo":{"@type":"ImageObject","inLanguage":"en-US","@id":"https:\/\/beoternummorocco.com\/#\/schema\/logo\/image\/","url":"https:\/\/beoternummorocco.com\/wp-content\/uploads\/2020\/12\/logo-b.png","contentUrl":"https:\/\/beoternummorocco.com\/wp-content\/uploads\/2020\/12\/logo-b.png","width":558,"height":820,"caption":"BeoTernum Boutique de Produits cosm\u00e9tiques bio naturels Rabat Maroc"},"image":{"@id":"https:\/\/beoternummorocco.com\/#\/schema\/logo\/image\/"},"sameAs":["https:\/\/www.facebook.com\/Beoternum-morocco-1587485334684692\/"]}]}},"_links":{"self":[{"href":"https:\/\/beoternummorocco.com\/en\/wp-json\/wp\/v2\/pages\/1368"}],"collection":[{"href":"https:\/\/beoternummorocco.com\/en\/wp-json\/wp\/v2\/pages"}],"about":[{"href":"https:\/\/beoternummorocco.com\/en\/wp-json\/wp\/v2\/types\/page"}],"author":[{"embeddable":true,"href":"https:\/\/beoternummorocco.com\/en\/wp-json\/wp\/v2\/users\/1"}],"replies":[{"embeddable":true,"href":"https:\/\/beoternummorocco.com\/en\/wp-json\/wp\/v2\/comments?post=1368"}],"version-history":[{"count":12,"href":"https:\/\/beoternummorocco.com\/en\/wp-json\/wp\/v2\/pages\/1368\/revisions"}],"predecessor-version":[{"id":2766,"href":"https:\/\/beoternummorocco.com\/en\/wp-json\/wp\/v2\/pages\/1368\/revisions\/2766"}],"wp:attachment":[{"href":"https:\/\/beoternummorocco.com\/en\/wp-json\/wp\/v2\/media?parent=1368"}],"curies":[{"name":"wp","href":"https:\/\/api.w.org\/{rel}","templated":true}]}}