{"id":5914,"date":"2024-05-17T12:19:39","date_gmt":"2024-05-17T11:19:39","guid":{"rendered":"https:\/\/beoternummorocco.com\/?post_type=product&#038;p=5914"},"modified":"2026-04-01T09:46:06","modified_gmt":"2026-04-01T08:46:06","slug":"amber-musc-huile-de-massage-relaxante","status":"publish","type":"product","link":"https:\/\/beoternummorocco.com\/en\/produit\/amber-musc-huile-de-massage-relaxante\/","title":{"rendered":"AMBER MUSC HUILE DE MASSAGE"},"content":{"rendered":"<p>Plongez dans une exprience sensorielle luxuriante avec notre huile de Massage Amber Musc. Cette huile combine la richesse chaleureuse de l&#8217;amber avec les notes sensuelles du musc pour cr\u00e9er une ambiance de d\u00e9tente et de bien etre. parfaite pour une s\u00e9ance de massage apaisante, elle enveloppe la peau d&#8217;un voile soyeuxet parfum\u00e9.<\/p>\n","protected":false},"excerpt":{"rendered":"<p>Plongez dans une exp\u00e9rience sensorielle luxuriante avec notre huile de Massage Amber Musc. Cette huile combine la richesse chaleureuse de l&#8217;Amber avec les notes sensuelles du musc pour cr\u00e9er une ambiance de d\u00e9tente et de bien \u00eatre. parfaite pour une s\u00e9ance de massage apaisante, elle enveloppe la peau d&#8217;un voile soyeux et parfum\u00e9.<\/p>\n","protected":false},"featured_media":5915,"comment_status":"open","ping_status":"closed","template":"","meta":[],"product_cat":[24,52],"product_tag":[],"yoast_head":"<!-- This site is optimized with the Yoast SEO plugin v22.3 - https:\/\/yoast.com\/wordpress\/plugins\/seo\/ -->\n<title>AMBER MUSC HUILE DE MASSAGE &#8211; BeoTernum Boutique de Produits cosm\u00e9tiques bio naturels Rabat Maroc<\/title>\n<meta name=\"description\" content=\"Plongez dans une exp\u00e9rience sensorielle luxuriante avec notre huile de Massage Amber Musc. Cette huile combine la richesse chaleureuse de l&#039;Amber avec les notes sensuelles du musc pour cr\u00e9er une ambiance de d\u00e9tente et de bien \u00eatre. parfaite pour une s\u00e9ance de massage apaisante, elle enveloppe la peau d&#039;un voile soyeux et parfum\u00e9.\" \/>\n<meta name=\"robots\" content=\"index, follow, max-snippet:-1, max-image-preview:large, max-video-preview:-1\" \/>\n<link rel=\"canonical\" href=\"https:\/\/beoternummorocco.com\/en\/produit\/amber-musc-huile-de-massage-relaxante\/\" \/>\n<meta property=\"og:locale\" content=\"en_US\" \/>\n<meta property=\"og:type\" content=\"article\" \/>\n<meta property=\"og:title\" content=\"AMBER MUSC HUILE DE MASSAGE &#8211; BeoTernum Boutique de Produits cosm\u00e9tiques bio naturels Rabat Maroc\" \/>\n<meta property=\"og:description\" content=\"Plongez dans une exp\u00e9rience sensorielle luxuriante avec notre huile de Massage Amber Musc. Cette huile combine la richesse chaleureuse de l&#039;Amber avec les notes sensuelles du musc pour cr\u00e9er une ambiance de d\u00e9tente et de bien \u00eatre. parfaite pour une s\u00e9ance de massage apaisante, elle enveloppe la peau d&#039;un voile soyeux et parfum\u00e9.\" \/>\n<meta property=\"og:url\" content=\"https:\/\/beoternummorocco.com\/en\/produit\/amber-musc-huile-de-massage-relaxante\/\" \/>\n<meta property=\"og:site_name\" content=\"BeoTernum Boutique de Produits cosm\u00e9tiques bio naturels Rabat Maroc\" \/>\n<meta property=\"article:publisher\" content=\"https:\/\/www.facebook.com\/Beoternum-morocco-1587485334684692\/\" \/>\n<meta property=\"article:modified_time\" content=\"2026-04-01T08:46:06+00:00\" \/>\n<meta property=\"og:image\" content=\"https:\/\/beoternummorocco.com\/wp-content\/uploads\/2024\/05\/Gold-And-White-Illustration-Its-Time-For-Giveaway-Instagram-Post-4.png\" \/>\n\t<meta property=\"og:image:width\" content=\"1080\" \/>\n\t<meta property=\"og:image:height\" content=\"1080\" \/>\n\t<meta property=\"og:image:type\" content=\"image\/png\" \/>\n<meta name=\"twitter:card\" content=\"summary_large_image\" \/>\n<meta name=\"twitter:label1\" content=\"Est. reading time\" \/>\n\t<meta name=\"twitter:data1\" content=\"1 minute\" \/>\n<script type=\"application\/ld+json\" class=\"yoast-schema-graph\">{\"@context\":\"https:\/\/schema.org\",\"@graph\":[{\"@type\":\"WebPage\",\"@id\":\"https:\/\/beoternummorocco.com\/en\/produit\/amber-musc-huile-de-massage-relaxante\/\",\"url\":\"https:\/\/beoternummorocco.com\/en\/produit\/amber-musc-huile-de-massage-relaxante\/\",\"name\":\"AMBER MUSC HUILE DE MASSAGE &#8211; BeoTernum Boutique de Produits cosm\u00e9tiques bio naturels Rabat Maroc\",\"isPartOf\":{\"@id\":\"https:\/\/beoternummorocco.com\/#website\"},\"primaryImageOfPage\":{\"@id\":\"https:\/\/beoternummorocco.com\/en\/produit\/amber-musc-huile-de-massage-relaxante\/#primaryimage\"},\"image\":{\"@id\":\"https:\/\/beoternummorocco.com\/en\/produit\/amber-musc-huile-de-massage-relaxante\/#primaryimage\"},\"thumbnailUrl\":\"https:\/\/beoternummorocco.com\/wp-content\/uploads\/2024\/05\/Gold-And-White-Illustration-Its-Time-For-Giveaway-Instagram-Post-4.png\",\"datePublished\":\"2024-05-17T11:19:39+00:00\",\"dateModified\":\"2026-04-01T08:46:06+00:00\",\"description\":\"Plongez dans une exp\u00e9rience sensorielle luxuriante avec notre huile de Massage Amber Musc. Cette huile combine la richesse chaleureuse de l'Amber avec les notes sensuelles du musc pour cr\u00e9er une ambiance de d\u00e9tente et de bien \u00eatre. parfaite pour une s\u00e9ance de massage apaisante, elle enveloppe la peau d'un voile soyeux et parfum\u00e9.\",\"breadcrumb\":{\"@id\":\"https:\/\/beoternummorocco.com\/en\/produit\/amber-musc-huile-de-massage-relaxante\/#breadcrumb\"},\"inLanguage\":\"en-US\",\"potentialAction\":[{\"@type\":\"ReadAction\",\"target\":[\"https:\/\/beoternummorocco.com\/en\/produit\/amber-musc-huile-de-massage-relaxante\/\"]}]},{\"@type\":\"ImageObject\",\"inLanguage\":\"en-US\",\"@id\":\"https:\/\/beoternummorocco.com\/en\/produit\/amber-musc-huile-de-massage-relaxante\/#primaryimage\",\"url\":\"https:\/\/beoternummorocco.com\/wp-content\/uploads\/2024\/05\/Gold-And-White-Illustration-Its-Time-For-Giveaway-Instagram-Post-4.png\",\"contentUrl\":\"https:\/\/beoternummorocco.com\/wp-content\/uploads\/2024\/05\/Gold-And-White-Illustration-Its-Time-For-Giveaway-Instagram-Post-4.png\",\"width\":1080,\"height\":1080},{\"@type\":\"BreadcrumbList\",\"@id\":\"https:\/\/beoternummorocco.com\/en\/produit\/amber-musc-huile-de-massage-relaxante\/#breadcrumb\",\"itemListElement\":[{\"@type\":\"ListItem\",\"position\":1,\"name\":\"Shop\",\"item\":\"https:\/\/beoternummorocco.com\/boutique\/\"},{\"@type\":\"ListItem\",\"position\":2,\"name\":\"AMBER MUSC HUILE DE MASSAGE\"}]},{\"@type\":\"WebSite\",\"@id\":\"https:\/\/beoternummorocco.com\/#website\",\"url\":\"https:\/\/beoternummorocco.com\/\",\"name\":\"BeoTernum Boutique de Produits cosm\u00e9tiques bio naturels Rabat Maroc\",\"description\":\"\",\"publisher\":{\"@id\":\"https:\/\/beoternummorocco.com\/#organization\"},\"potentialAction\":[{\"@type\":\"SearchAction\",\"target\":{\"@type\":\"EntryPoint\",\"urlTemplate\":\"https:\/\/beoternummorocco.com\/?s={search_term_string}\"},\"query-input\":\"required name=search_term_string\"}],\"inLanguage\":\"en-US\"},{\"@type\":\"Organization\",\"@id\":\"https:\/\/beoternummorocco.com\/#organization\",\"name\":\"BeoTernum Boutique de Produits cosm\u00e9tiques bio naturels Rabat Maroc\",\"url\":\"https:\/\/beoternummorocco.com\/\",\"logo\":{\"@type\":\"ImageObject\",\"inLanguage\":\"en-US\",\"@id\":\"https:\/\/beoternummorocco.com\/#\/schema\/logo\/image\/\",\"url\":\"https:\/\/beoternummorocco.com\/wp-content\/uploads\/2020\/12\/logo-b.png\",\"contentUrl\":\"https:\/\/beoternummorocco.com\/wp-content\/uploads\/2020\/12\/logo-b.png\",\"width\":558,\"height\":820,\"caption\":\"BeoTernum Boutique de Produits cosm\u00e9tiques bio naturels Rabat Maroc\"},\"image\":{\"@id\":\"https:\/\/beoternummorocco.com\/#\/schema\/logo\/image\/\"},\"sameAs\":[\"https:\/\/www.facebook.com\/Beoternum-morocco-1587485334684692\/\"]}]}<\/script>\n<!-- \/ Yoast SEO plugin. -->","yoast_head_json":{"title":"AMBER MUSC HUILE DE MASSAGE &#8211; BeoTernum Boutique de Produits cosm\u00e9tiques bio naturels Rabat Maroc","description":"Plongez dans une exp\u00e9rience sensorielle luxuriante avec notre huile de Massage Amber Musc. Cette huile combine la richesse chaleureuse de l'Amber avec les notes sensuelles du musc pour cr\u00e9er une ambiance de d\u00e9tente et de bien \u00eatre. parfaite pour une s\u00e9ance de massage apaisante, elle enveloppe la peau d'un voile soyeux et parfum\u00e9.","robots":{"index":"index","follow":"follow","max-snippet":"max-snippet:-1","max-image-preview":"max-image-preview:large","max-video-preview":"max-video-preview:-1"},"canonical":"https:\/\/beoternummorocco.com\/en\/produit\/amber-musc-huile-de-massage-relaxante\/","og_locale":"en_US","og_type":"article","og_title":"AMBER MUSC HUILE DE MASSAGE &#8211; BeoTernum Boutique de Produits cosm\u00e9tiques bio naturels Rabat Maroc","og_description":"Plongez dans une exp\u00e9rience sensorielle luxuriante avec notre huile de Massage Amber Musc. Cette huile combine la richesse chaleureuse de l'Amber avec les notes sensuelles du musc pour cr\u00e9er une ambiance de d\u00e9tente et de bien \u00eatre. parfaite pour une s\u00e9ance de massage apaisante, elle enveloppe la peau d'un voile soyeux et parfum\u00e9.","og_url":"https:\/\/beoternummorocco.com\/en\/produit\/amber-musc-huile-de-massage-relaxante\/","og_site_name":"BeoTernum Boutique de Produits cosm\u00e9tiques bio naturels Rabat Maroc","article_publisher":"https:\/\/www.facebook.com\/Beoternum-morocco-1587485334684692\/","article_modified_time":"2026-04-01T08:46:06+00:00","og_image":[{"width":1080,"height":1080,"url":"https:\/\/beoternummorocco.com\/wp-content\/uploads\/2024\/05\/Gold-And-White-Illustration-Its-Time-For-Giveaway-Instagram-Post-4.png","type":"image\/png"}],"twitter_card":"summary_large_image","twitter_misc":{"Est. reading time":"1 minute"},"schema":{"@context":"https:\/\/schema.org","@graph":[{"@type":"WebPage","@id":"https:\/\/beoternummorocco.com\/en\/produit\/amber-musc-huile-de-massage-relaxante\/","url":"https:\/\/beoternummorocco.com\/en\/produit\/amber-musc-huile-de-massage-relaxante\/","name":"AMBER MUSC HUILE DE MASSAGE &#8211; BeoTernum Boutique de Produits cosm\u00e9tiques bio naturels Rabat Maroc","isPartOf":{"@id":"https:\/\/beoternummorocco.com\/#website"},"primaryImageOfPage":{"@id":"https:\/\/beoternummorocco.com\/en\/produit\/amber-musc-huile-de-massage-relaxante\/#primaryimage"},"image":{"@id":"https:\/\/beoternummorocco.com\/en\/produit\/amber-musc-huile-de-massage-relaxante\/#primaryimage"},"thumbnailUrl":"https:\/\/beoternummorocco.com\/wp-content\/uploads\/2024\/05\/Gold-And-White-Illustration-Its-Time-For-Giveaway-Instagram-Post-4.png","datePublished":"2024-05-17T11:19:39+00:00","dateModified":"2026-04-01T08:46:06+00:00","description":"Plongez dans une exp\u00e9rience sensorielle luxuriante avec notre huile de Massage Amber Musc. Cette huile combine la richesse chaleureuse de l'Amber avec les notes sensuelles du musc pour cr\u00e9er une ambiance de d\u00e9tente et de bien \u00eatre. parfaite pour une s\u00e9ance de massage apaisante, elle enveloppe la peau d'un voile soyeux et parfum\u00e9.","breadcrumb":{"@id":"https:\/\/beoternummorocco.com\/en\/produit\/amber-musc-huile-de-massage-relaxante\/#breadcrumb"},"inLanguage":"en-US","potentialAction":[{"@type":"ReadAction","target":["https:\/\/beoternummorocco.com\/en\/produit\/amber-musc-huile-de-massage-relaxante\/"]}]},{"@type":"ImageObject","inLanguage":"en-US","@id":"https:\/\/beoternummorocco.com\/en\/produit\/amber-musc-huile-de-massage-relaxante\/#primaryimage","url":"https:\/\/beoternummorocco.com\/wp-content\/uploads\/2024\/05\/Gold-And-White-Illustration-Its-Time-For-Giveaway-Instagram-Post-4.png","contentUrl":"https:\/\/beoternummorocco.com\/wp-content\/uploads\/2024\/05\/Gold-And-White-Illustration-Its-Time-For-Giveaway-Instagram-Post-4.png","width":1080,"height":1080},{"@type":"BreadcrumbList","@id":"https:\/\/beoternummorocco.com\/en\/produit\/amber-musc-huile-de-massage-relaxante\/#breadcrumb","itemListElement":[{"@type":"ListItem","position":1,"name":"Shop","item":"https:\/\/beoternummorocco.com\/boutique\/"},{"@type":"ListItem","position":2,"name":"AMBER MUSC HUILE DE MASSAGE"}]},{"@type":"WebSite","@id":"https:\/\/beoternummorocco.com\/#website","url":"https:\/\/beoternummorocco.com\/","name":"BeoTernum Boutique de Produits cosm\u00e9tiques bio naturels Rabat Maroc","description":"","publisher":{"@id":"https:\/\/beoternummorocco.com\/#organization"},"potentialAction":[{"@type":"SearchAction","target":{"@type":"EntryPoint","urlTemplate":"https:\/\/beoternummorocco.com\/?s={search_term_string}"},"query-input":"required name=search_term_string"}],"inLanguage":"en-US"},{"@type":"Organization","@id":"https:\/\/beoternummorocco.com\/#organization","name":"BeoTernum Boutique de Produits cosm\u00e9tiques bio naturels Rabat Maroc","url":"https:\/\/beoternummorocco.com\/","logo":{"@type":"ImageObject","inLanguage":"en-US","@id":"https:\/\/beoternummorocco.com\/#\/schema\/logo\/image\/","url":"https:\/\/beoternummorocco.com\/wp-content\/uploads\/2020\/12\/logo-b.png","contentUrl":"https:\/\/beoternummorocco.com\/wp-content\/uploads\/2020\/12\/logo-b.png","width":558,"height":820,"caption":"BeoTernum Boutique de Produits cosm\u00e9tiques bio naturels Rabat Maroc"},"image":{"@id":"https:\/\/beoternummorocco.com\/#\/schema\/logo\/image\/"},"sameAs":["https:\/\/www.facebook.com\/Beoternum-morocco-1587485334684692\/"]}]}},"_links":{"self":[{"href":"https:\/\/beoternummorocco.com\/en\/wp-json\/wp\/v2\/product\/5914"}],"collection":[{"href":"https:\/\/beoternummorocco.com\/en\/wp-json\/wp\/v2\/product"}],"about":[{"href":"https:\/\/beoternummorocco.com\/en\/wp-json\/wp\/v2\/types\/product"}],"replies":[{"embeddable":true,"href":"https:\/\/beoternummorocco.com\/en\/wp-json\/wp\/v2\/comments?post=5914"}],"wp:featuredmedia":[{"embeddable":true,"href":"https:\/\/beoternummorocco.com\/en\/wp-json\/wp\/v2\/media\/5915"}],"wp:attachment":[{"href":"https:\/\/beoternummorocco.com\/en\/wp-json\/wp\/v2\/media?parent=5914"}],"wp:term":[{"taxonomy":"product_cat","embeddable":true,"href":"https:\/\/beoternummorocco.com\/en\/wp-json\/wp\/v2\/product_cat?post=5914"},{"taxonomy":"product_tag","embeddable":true,"href":"https:\/\/beoternummorocco.com\/en\/wp-json\/wp\/v2\/product_tag?post=5914"}],"curies":[{"name":"wp","href":"https:\/\/api.w.org\/{rel}","templated":true}]}}